{"id":84,"date":"2019-11-28T21:03:59","date_gmt":"2019-11-28T20:03:59","guid":{"rendered":"https:\/\/degrowth.no\/?page_id=84"},"modified":"2025-01-28T17:28:01","modified_gmt":"2025-01-28T16:28:01","slug":"velkommen","status":"publish","type":"page","link":"https:\/\/vekstfri.no\/","title":{"rendered":"Velkommen"},"content":{"rendered":"\n<h4 id=\"wp-block-themeisle-blocks-advanced-heading-8f72af79\" class=\"wp-block-themeisle-blocks-advanced-heading wp-block-themeisle-blocks-advanced-heading-8f72af79\">Velkommen til Norsk nettverk for vekstfri utvikling!<\/h4>\n\n\n\n<p>Vi er et fellesskap som samler forskere, aktivister, og praktikere, og nettverket er \u00e5pent for alle som er inspirert av den internasjonale vekstfri-bevegelsen. Vi samarbeider om vekstfri utvikling i Norge, og fremmer kunnskap og verdier for gjennomgripende samfunnsendringer, hvor m\u00e5let er gode liv for alle.<\/p>\n\n\n\n<p>\u00d8nsker du \u00e5 bli med eller forst\u00e5 mer? Les mer om oss og form\u00e5let p\u00e5 nettsidene!<\/p>\n","protected":false},"excerpt":{"rendered":"<p>Vi er et fellesskap som samler forskere, aktivister, og praktikere, og nettverket er \u00e5pent for alle som er inspirert av den internasjonale vekstfri-bevegelsen. Vi samarbeider om vekstfri utvikling i Norge, og fremmer kunnskap og verdier for gjennomgripende samfunnsendringer, hvor m\u00e5let er gode liv for alle. \u00d8nsker du \u00e5 bli med eller forst\u00e5 mer? Les mer [&hellip;]<\/p>\n","protected":false},"author":3,"featured_media":0,"parent":0,"menu_order":0,"comment_status":"closed","ping_status":"closed","template":"","meta":{"_themeisle_gutenberg_block_has_review":false,"footnotes":""},"class_list":["post-84","page","type-page","status-publish","hentry"],"_links":{"self":[{"href":"https:\/\/vekstfri.no\/index.php\/wp-json\/wp\/v2\/pages\/84","targetHints":{"allow":["GET"]}}],"collection":[{"href":"https:\/\/vekstfri.no\/index.php\/wp-json\/wp\/v2\/pages"}],"about":[{"href":"https:\/\/vekstfri.no\/index.php\/wp-json\/wp\/v2\/types\/page"}],"author":[{"embeddable":true,"href":"https:\/\/vekstfri.no\/index.php\/wp-json\/wp\/v2\/users\/3"}],"replies":[{"embeddable":true,"href":"https:\/\/vekstfri.no\/index.php\/wp-json\/wp\/v2\/comments?post=84"}],"version-history":[{"count":15,"href":"https:\/\/vekstfri.no\/index.php\/wp-json\/wp\/v2\/pages\/84\/revisions"}],"predecessor-version":[{"id":442,"href":"https:\/\/vekstfri.no\/index.php\/wp-json\/wp\/v2\/pages\/84\/revisions\/442"}],"wp:attachment":[{"href":"https:\/\/vekstfri.no\/index.php\/wp-json\/wp\/v2\/media?parent=84"}],"curies":[{"name":"wp","href":"https:\/\/api.w.org\/{rel}","templated":true}]}}