{"id":403,"date":"2024-10-31T21:26:01","date_gmt":"2024-10-31T20:26:01","guid":{"rendered":"https:\/\/vekstfri.no\/?page_id=403"},"modified":"2024-10-31T21:26:01","modified_gmt":"2024-10-31T20:26:01","slug":"blogg","status":"publish","type":"page","link":"https:\/\/vekstfri.no\/index.php\/blogg\/","title":{"rendered":"Blogg"},"content":{"rendered":"\n<h4 class=\"wp-block-heading\">Les mer om vekstfri utvikling<\/h4>\n\n\n\n<p>P\u00e5 denne siden legger vi ut relevante tekster, arrangementer og innhold om vekstfri utvikling p\u00e5 norsk.<\/p>\n\n\n<div class=\"wp-block-themeisle-blocks-posts-grid\" id=\"wp-block-themeisle-blocks-posts-grid-077d4241\"><div class=\"is-list\"><div class=\"o-posts-grid-post-blog o-posts-grid-post-plain\"><div class=\"o-posts-grid-post\"><div class=\"o-posts-grid-post-image\"><a href=\"https:\/\/vekstfri.no\/index.php\/2025\/06\/18\/hvordan-kan-den-nye-okonomien-se-ut-i-praksis\/\"><img loading=\"lazy\" decoding=\"async\" width=\"1200\" height=\"940\" src=\"https:\/\/vekstfri.no\/wp-content\/uploads\/2025\/06\/Samvirke.jpg\" class=\"attachment-full size-full\" alt=\"Hvordan kan den nye \u00f8konomien se ut i praksis?\" srcset=\"https:\/\/vekstfri.no\/wp-content\/uploads\/2025\/06\/Samvirke.jpg 1200w, https:\/\/vekstfri.no\/wp-content\/uploads\/2025\/06\/Samvirke-300x235.jpg 300w, https:\/\/vekstfri.no\/wp-content\/uploads\/2025\/06\/Samvirke-1024x802.jpg 1024w, https:\/\/vekstfri.no\/wp-content\/uploads\/2025\/06\/Samvirke-768x602.jpg 768w\" sizes=\"(max-width: 1200px) 100vw, 1200px\" \/><\/a><\/div><div class=\"o-posts-grid-post-body\"><h4 class=\"o-posts-grid-post-title\"><a href=\"https:\/\/vekstfri.no\/index.php\/2025\/06\/18\/hvordan-kan-den-nye-okonomien-se-ut-i-praksis\/\">Hvordan kan den nye \u00f8konomien se ut i praksis?<\/a><\/h4><div class=\"o-posts-grid-post-description\"><p>Det v\u00e6re vanskelig \u00e5 se for seg andre muligheter enn markeds\u00f8konomi,\nmen det finnes faktisk alternativer. Da m\u00e5 vi imidlertid flytte fokus\nbort fra \u00f8kt produksjon og produktivitet, og istedet s\u00f8ke mot\u2026<\/p><\/div><\/div><\/div><\/div><div class=\"o-posts-grid-post-blog o-posts-grid-post-plain\"><div class=\"o-posts-grid-post\"><div class=\"o-posts-grid-post-image\"><a href=\"https:\/\/vekstfri.no\/index.php\/2024\/11\/28\/pa-tide-a-diskutere-okonomisk-vekst-igjen\/\"><img loading=\"lazy\" decoding=\"async\" width=\"800\" height=\"533\" src=\"https:\/\/vekstfri.no\/wp-content\/uploads\/2024\/11\/The_Only_Sustainable_Growth_is_Degrowth.jpg\" class=\"attachment-full size-full\" alt=\"P\u00e5 tide \u00e5 diskutere \u00f8konomisk vekst igjen?\" srcset=\"https:\/\/vekstfri.no\/wp-content\/uploads\/2024\/11\/The_Only_Sustainable_Growth_is_Degrowth.jpg 800w, https:\/\/vekstfri.no\/wp-content\/uploads\/2024\/11\/The_Only_Sustainable_Growth_is_Degrowth-300x200.jpg 300w, https:\/\/vekstfri.no\/wp-content\/uploads\/2024\/11\/The_Only_Sustainable_Growth_is_Degrowth-768x512.jpg 768w\" sizes=\"(max-width: 800px) 100vw, 800px\" \/><\/a><\/div><div class=\"o-posts-grid-post-body\"><h4 class=\"o-posts-grid-post-title\"><a href=\"https:\/\/vekstfri.no\/index.php\/2024\/11\/28\/pa-tide-a-diskutere-okonomisk-vekst-igjen\/\">P\u00e5 tide \u00e5 diskutere \u00f8konomisk vekst igjen?<\/a><\/h4><div class=\"o-posts-grid-post-description\"><p>Norske milj\u00f8organisasjoner holder tilbake kritikk av \u00f8konomisk vekst i frykt for \u00e5 ikke bli tatt seri\u00f8st, viser en ny masteroppgave. Men n\u00e5r kompetente akt\u00f8rer holder tilbake vesentlig kritikk i det s\u2026<\/p><\/div><\/div><\/div><\/div><div class=\"o-posts-grid-post-blog o-posts-grid-post-plain\"><div class=\"o-posts-grid-post\"><div class=\"o-posts-grid-post-image\"><a href=\"https:\/\/vekstfri.no\/index.php\/2024\/11\/27\/innspill-til-stortingsmelding-om-baerekraftsarbeid\/\"><img loading=\"lazy\" decoding=\"async\" width=\"533\" height=\"534\" src=\"https:\/\/vekstfri.no\/wp-content\/uploads\/2024\/11\/8mal.jpg\" class=\"attachment-full size-full\" alt=\"Innspill til stortingsmelding om b\u00e6rekraftsarbeid\" srcset=\"https:\/\/vekstfri.no\/wp-content\/uploads\/2024\/11\/8mal.jpg 533w, https:\/\/vekstfri.no\/wp-content\/uploads\/2024\/11\/8mal-300x300.jpg 300w, https:\/\/vekstfri.no\/wp-content\/uploads\/2024\/11\/8mal-150x150.jpg 150w\" sizes=\"(max-width: 533px) 100vw, 533px\" \/><\/a><\/div><div class=\"o-posts-grid-post-body\"><h4 class=\"o-posts-grid-post-title\"><a href=\"https:\/\/vekstfri.no\/index.php\/2024\/11\/27\/innspill-til-stortingsmelding-om-baerekraftsarbeid\/\">Innspill til stortingsmelding om b\u00e6rekraftsarbeid<\/a><\/h4><div class=\"o-posts-grid-post-description\"><p>Om blindsoner om vekst og teknologioptimisme i arbeidet med stortingsmelding om b\u00e6rekraftsarbeidet i Norge<\/p><\/div><\/div><\/div><\/div><div class=\"o-posts-grid-post-blog o-posts-grid-post-plain\"><div class=\"o-posts-grid-post\"><div class=\"o-posts-grid-post-image\"><a href=\"https:\/\/vekstfri.no\/index.php\/2023\/11\/27\/er-kapitalismen-et-miljoproblem\/\"><img loading=\"lazy\" decoding=\"async\" width=\"640\" height=\"640\" src=\"https:\/\/vekstfri.no\/wp-content\/uploads\/2023\/11\/ab6765630000ba8a6441e595c09980b2a773d204.jpg\" class=\"attachment-full size-full\" alt=\"Er kapitalismen et milj\u00f8problem?\" srcset=\"https:\/\/vekstfri.no\/wp-content\/uploads\/2023\/11\/ab6765630000ba8a6441e595c09980b2a773d204.jpg 640w, https:\/\/vekstfri.no\/wp-content\/uploads\/2023\/11\/ab6765630000ba8a6441e595c09980b2a773d204-300x300.jpg 300w, https:\/\/vekstfri.no\/wp-content\/uploads\/2023\/11\/ab6765630000ba8a6441e595c09980b2a773d204-150x150.jpg 150w\" sizes=\"(max-width: 640px) 100vw, 640px\" \/><\/a><\/div><div class=\"o-posts-grid-post-body\"><h4 class=\"o-posts-grid-post-title\"><a href=\"https:\/\/vekstfri.no\/index.php\/2023\/11\/27\/er-kapitalismen-et-miljoproblem\/\">Er kapitalismen et milj\u00f8problem?<\/a><\/h4><div class=\"o-posts-grid-post-description\"><p>Hvis dagens \u00f8konomiske system er \u00e5rsaken til klimaendringene, m\u00e5 vi ikke da endre systemet? Hva skal i s\u00e5 fall erstatte forbrukersamfunn og evig vekst? H\u00f8r Tone Smith, \u00f8kologisk \u00f8konom som vil forandr\u2026<\/p><\/div><\/div><\/div><\/div><div class=\"o-posts-grid-post-blog o-posts-grid-post-plain\"><div class=\"o-posts-grid-post\"><div class=\"o-posts-grid-post-image\"><a href=\"https:\/\/vekstfri.no\/index.php\/2023\/11\/27\/se-for-deg-et-samfunn-med-mindre-penger\/\"><img loading=\"lazy\" decoding=\"async\" width=\"682\" height=\"675\" src=\"https:\/\/vekstfri.no\/wp-content\/uploads\/2023\/11\/bp1.jpg\" class=\"attachment-full size-full\" alt=\"Se for deg et samfunn med mindre penger\" srcset=\"https:\/\/vekstfri.no\/wp-content\/uploads\/2023\/11\/bp1.jpg 682w, https:\/\/vekstfri.no\/wp-content\/uploads\/2023\/11\/bp1-300x297.jpg 300w\" sizes=\"(max-width: 682px) 100vw, 682px\" \/><\/a><\/div><div class=\"o-posts-grid-post-body\"><h4 class=\"o-posts-grid-post-title\"><a href=\"https:\/\/vekstfri.no\/index.php\/2023\/11\/27\/se-for-deg-et-samfunn-med-mindre-penger\/\">Se for deg et samfunn med mindre penger<\/a><\/h4><div class=\"o-posts-grid-post-description\"><p>Oppover, framover, mer, mer, mer: Er det virkelig mulig \u00e5 f\u00e5 det til p\u00e5 en gr\u00f8nn og b\u00e6rekraftig m\u00e5te? Eller er det p\u00e5 tide \u00e5 omfavne nedskalering, mindre kj\u00f8pekraft og en \u00f8konomi som ikke er basert p\u00e5\u2026<\/p><\/div><\/div><\/div><\/div><div class=\"o-posts-grid-post-blog o-posts-grid-post-plain\"><div class=\"o-posts-grid-post\"><div class=\"o-posts-grid-post-image\"><a href=\"https:\/\/vekstfri.no\/index.php\/2023\/11\/27\/myter-og-blendverk-i-klimapolitikken\/\"><img loading=\"lazy\" decoding=\"async\" width=\"1024\" height=\"951\" src=\"https:\/\/vekstfri.no\/wp-content\/uploads\/2023\/11\/IMG_0972.jpg\" class=\"attachment-full size-full\" alt=\"Myter og blendverk i klimapolitikken\" srcset=\"https:\/\/vekstfri.no\/wp-content\/uploads\/2023\/11\/IMG_0972.jpg 1024w, https:\/\/vekstfri.no\/wp-content\/uploads\/2023\/11\/IMG_0972-300x279.jpg 300w, https:\/\/vekstfri.no\/wp-content\/uploads\/2023\/11\/IMG_0972-768x713.jpg 768w\" sizes=\"(max-width: 1024px) 100vw, 1024px\" \/><\/a><\/div><div class=\"o-posts-grid-post-body\"><h4 class=\"o-posts-grid-post-title\"><a href=\"https:\/\/vekstfri.no\/index.php\/2023\/11\/27\/myter-og-blendverk-i-klimapolitikken\/\">Myter og blendverk i klimapolitikken<\/a><\/h4><div class=\"o-posts-grid-post-description\"><p>Klimapolitikk seiler opp som viktig sak i det forest\u00e5ende valget, aktualisert av EUs klimapakke og en ny rapport fra FNs klimapanel. Det kommer til \u00e5 svirre av kalkyler og regnestykker, lovnader og l\u00f8\u2026<\/p><\/div><\/div><\/div><\/div><div class=\"o-posts-grid-post-blog o-posts-grid-post-plain\"><div class=\"o-posts-grid-post\"><div class=\"o-posts-grid-post-image\"><a href=\"https:\/\/vekstfri.no\/index.php\/2023\/11\/23\/nedvekst-er-ikke-det-samme-som-nedgangstider\/\"><img loading=\"lazy\" decoding=\"async\" width=\"1004\" height=\"671\" src=\"https:\/\/vekstfri.no\/wp-content\/uploads\/2023\/11\/Skjermbilde-2023-11-23-213601.png\" class=\"attachment-full size-full\" alt=\"Nedvekst er ikke det samme som nedgangstider\" srcset=\"https:\/\/vekstfri.no\/wp-content\/uploads\/2023\/11\/Skjermbilde-2023-11-23-213601.png 1004w, https:\/\/vekstfri.no\/wp-content\/uploads\/2023\/11\/Skjermbilde-2023-11-23-213601-300x200.png 300w, https:\/\/vekstfri.no\/wp-content\/uploads\/2023\/11\/Skjermbilde-2023-11-23-213601-768x513.png 768w\" sizes=\"(max-width: 1004px) 100vw, 1004px\" \/><\/a><\/div><div class=\"o-posts-grid-post-body\"><h4 class=\"o-posts-grid-post-title\"><a href=\"https:\/\/vekstfri.no\/index.php\/2023\/11\/23\/nedvekst-er-ikke-det-samme-som-nedgangstider\/\">Nedvekst er ikke det samme som nedgangstider<\/a><\/h4><div class=\"o-posts-grid-post-description\"><p>M\u00e5let om \u00f8konomisk vekst t\u00e5kelegger s\u00e5 vi ikke ser hvor vi skal.<\/p><\/div><\/div><\/div><\/div><div class=\"o-posts-grid-post-blog o-posts-grid-post-plain\"><div class=\"o-posts-grid-post\"><div class=\"o-posts-grid-post-image\"><a href=\"https:\/\/vekstfri.no\/index.php\/2023\/11\/06\/en-ny-okonomi\/\"><img loading=\"lazy\" decoding=\"async\" width=\"583\" height=\"373\" src=\"https:\/\/vekstfri.no\/wp-content\/uploads\/2023\/11\/Skjermbilde-2023-11-06-201649.png\" class=\"attachment-full size-full\" alt=\"En ny \u00f8konomi\" srcset=\"https:\/\/vekstfri.no\/wp-content\/uploads\/2023\/11\/Skjermbilde-2023-11-06-201649.png 583w, https:\/\/vekstfri.no\/wp-content\/uploads\/2023\/11\/Skjermbilde-2023-11-06-201649-300x192.png 300w\" sizes=\"(max-width: 583px) 100vw, 583px\" \/><\/a><\/div><div class=\"o-posts-grid-post-body\"><h4 class=\"o-posts-grid-post-title\"><a href=\"https:\/\/vekstfri.no\/index.php\/2023\/11\/06\/en-ny-okonomi\/\">En ny \u00f8konomi<\/a><\/h4><div class=\"o-posts-grid-post-description\"><p>Vi er id\u00e9messig fanget i vekstparadigmet. Den internasjonale veksttfribevegelsen s\u00f8ker etter veier ut av veksttvangen.<\/p><\/div><\/div><\/div><\/div><div class=\"o-posts-grid-post-blog o-posts-grid-post-plain\"><div class=\"o-posts-grid-post\"><div class=\"o-posts-grid-post-image\"><a href=\"https:\/\/vekstfri.no\/index.php\/2023\/10\/31\/alt-blir-bedre-med-honer\/\"><img loading=\"lazy\" decoding=\"async\" width=\"800\" height=\"600\" src=\"https:\/\/vekstfri.no\/wp-content\/uploads\/2023\/10\/800px-Norwegian_hen.jpg\" class=\"attachment-full size-full\" alt=\"Alt blir bedre med h\u00f8ner\" srcset=\"https:\/\/vekstfri.no\/wp-content\/uploads\/2023\/10\/800px-Norwegian_hen.jpg 800w, https:\/\/vekstfri.no\/wp-content\/uploads\/2023\/10\/800px-Norwegian_hen-300x225.jpg 300w, https:\/\/vekstfri.no\/wp-content\/uploads\/2023\/10\/800px-Norwegian_hen-768x576.jpg 768w\" sizes=\"(max-width: 800px) 100vw, 800px\" \/><\/a><\/div><div class=\"o-posts-grid-post-body\"><h4 class=\"o-posts-grid-post-title\"><a href=\"https:\/\/vekstfri.no\/index.php\/2023\/10\/31\/alt-blir-bedre-med-honer\/\">Alt blir bedre med h\u00f8ner<\/a><\/h4><div class=\"o-posts-grid-post-description\"><p>Alle som \u00e9n av de jeg har kommet i prat med, \u00f8nsker at dagene skal v\u00e6re romsligere og inneholde flere vafler.<\/p><\/div><\/div><\/div><\/div><div class=\"o-posts-grid-post-blog o-posts-grid-post-plain\"><div class=\"o-posts-grid-post\"><div class=\"o-posts-grid-post-image\"><a href=\"https:\/\/vekstfri.no\/index.php\/2023\/10\/30\/vekstfritt-melkefjos\/\"><img loading=\"lazy\" decoding=\"async\" width=\"2000\" height=\"1122\" src=\"https:\/\/vekstfri.no\/wp-content\/uploads\/2023\/10\/melkekyr-2-ruralis.jpg\" class=\"attachment-full size-full\" alt=\"Vekstfritt melkefj\u00f8s\" srcset=\"https:\/\/vekstfri.no\/wp-content\/uploads\/2023\/10\/melkekyr-2-ruralis.jpg 2000w, https:\/\/vekstfri.no\/wp-content\/uploads\/2023\/10\/melkekyr-2-ruralis-300x168.jpg 300w, https:\/\/vekstfri.no\/wp-content\/uploads\/2023\/10\/melkekyr-2-ruralis-1024x574.jpg 1024w, https:\/\/vekstfri.no\/wp-content\/uploads\/2023\/10\/melkekyr-2-ruralis-768x431.jpg 768w, https:\/\/vekstfri.no\/wp-content\/uploads\/2023\/10\/melkekyr-2-ruralis-1536x862.jpg 1536w\" sizes=\"(max-width: 2000px) 100vw, 2000px\" \/><\/a><\/div><div class=\"o-posts-grid-post-body\"><h4 class=\"o-posts-grid-post-title\"><a href=\"https:\/\/vekstfri.no\/index.php\/2023\/10\/30\/vekstfritt-melkefjos\/\">Vekstfritt melkefj\u00f8s<\/a><\/h4><div class=\"o-posts-grid-post-description\"><p>S\u00e5 lenge me driv jordbruk basert p\u00e5 ei \u00f8kologisk kl\u00f8ft, er det vanskeleg \u00e5 gjera det berekraftig. Kva er gale med berekrafta i norsk jordbruk? Kvifor vil ikkje klimapolitikken som staten og bondeorgan\u2026<\/p><\/div><\/div><\/div><\/div><div class=\"o-posts-grid-post-blog o-posts-grid-post-plain\"><div class=\"o-posts-grid-post\"><div class=\"o-posts-grid-post-image\"><a href=\"https:\/\/vekstfri.no\/index.php\/2023\/10\/29\/alternativer-til-bnp-i-en-vekstfri-okonomi\/\"><img loading=\"lazy\" decoding=\"async\" width=\"970\" height=\"508\" src=\"https:\/\/vekstfri.no\/wp-content\/uploads\/2023\/10\/shutterstock_1893175219-970x508-1.jpg\" class=\"attachment-full size-full\" alt=\"Alternativer til BNP i en vekstfri \u00f8konomi\" srcset=\"https:\/\/vekstfri.no\/wp-content\/uploads\/2023\/10\/shutterstock_1893175219-970x508-1.jpg 970w, https:\/\/vekstfri.no\/wp-content\/uploads\/2023\/10\/shutterstock_1893175219-970x508-1-300x157.jpg 300w, https:\/\/vekstfri.no\/wp-content\/uploads\/2023\/10\/shutterstock_1893175219-970x508-1-768x402.jpg 768w\" sizes=\"(max-width: 970px) 100vw, 970px\" \/><\/a><\/div><div class=\"o-posts-grid-post-body\"><h4 class=\"o-posts-grid-post-title\"><a href=\"https:\/\/vekstfri.no\/index.php\/2023\/10\/29\/alternativer-til-bnp-i-en-vekstfri-okonomi\/\">Alternativer til BNP i en vekstfri \u00f8konomi<\/a><\/h4><div class=\"o-posts-grid-post-description\"><p>Hvis BNP ikke m\u00e5ler det som betyr mest for oss, og m\u00e5let om vekst forsterker krisene vi st\u00e5r i, er det ikke da p\u00e5 tide med en seri\u00f8s diskusjon om alternative \u00f8konomiske styringsverkt\u00f8y?<\/p><\/div><\/div><\/div><\/div><div class=\"o-posts-grid-post-blog o-posts-grid-post-plain\"><div class=\"o-posts-grid-post\"><div class=\"o-posts-grid-post-image\"><a href=\"https:\/\/vekstfri.no\/index.php\/2023\/10\/29\/holbergprisen-til-joan-martinez-alier\/\"><img loading=\"lazy\" decoding=\"async\" width=\"2116\" height=\"1356\" src=\"https:\/\/vekstfri.no\/wp-content\/uploads\/2023\/10\/337688.webp\" class=\"attachment-full size-full\" alt=\"Holbergprisen til Joan Martinez-Alier\" srcset=\"https:\/\/vekstfri.no\/wp-content\/uploads\/2023\/10\/337688.webp 2116w, https:\/\/vekstfri.no\/wp-content\/uploads\/2023\/10\/337688-300x192.webp 300w, https:\/\/vekstfri.no\/wp-content\/uploads\/2023\/10\/337688-1024x656.webp 1024w, https:\/\/vekstfri.no\/wp-content\/uploads\/2023\/10\/337688-768x492.webp 768w, https:\/\/vekstfri.no\/wp-content\/uploads\/2023\/10\/337688-1536x984.webp 1536w, https:\/\/vekstfri.no\/wp-content\/uploads\/2023\/10\/337688-2048x1312.webp 2048w\" sizes=\"(max-width: 2116px) 100vw, 2116px\" \/><\/a><\/div><div class=\"o-posts-grid-post-body\"><h4 class=\"o-posts-grid-post-title\"><a href=\"https:\/\/vekstfri.no\/index.php\/2023\/10\/29\/holbergprisen-til-joan-martinez-alier\/\">Holbergprisen til Joan Martinez-Alier<\/a><\/h4><div class=\"o-posts-grid-post-description\"><p>En god introduksjon til vinner av Holbergprisen 2023, Joan Martinez-Alier, skrevet av Tor Arve Benjaminsen, professor ved NMBU. Martinez-Aliers forskning har bidratt til \u00e5 \u00f8ke kunnskapen om hvordan et\u2026<\/p><\/div><\/div><\/div><\/div><div class=\"o-posts-grid-post-blog o-posts-grid-post-plain\"><div class=\"o-posts-grid-post\"><div class=\"o-posts-grid-post-image\"><a href=\"https:\/\/vekstfri.no\/index.php\/2020\/06\/25\/stort-vekstkritisk-opprop-for-systemendring\/\"><img loading=\"lazy\" decoding=\"async\" width=\"250\" height=\"243\" src=\"https:\/\/vekstfri.no\/wp-content\/uploads\/2021\/02\/SCnCC_Logo_small.png\" class=\"attachment-full size-full\" alt=\"Stort vekstkritisk opprop for systemendring\" \/><\/a><\/div><div class=\"o-posts-grid-post-body\"><h4 class=\"o-posts-grid-post-title\"><a href=\"https:\/\/vekstfri.no\/index.php\/2020\/06\/25\/stort-vekstkritisk-opprop-for-systemendring\/\">Stort vekstkritisk opprop for systemendring<\/a><\/h4><div class=\"o-posts-grid-post-description\"><p>25. juni 2020 publiserte tre store norske aviser (Adresseavisen, Stavanger Aftenblad og Klassekampen) et opprop for systemendring, undertegnet av 75 norske samfunnsakt\u00f8rer og kulturpersonligheter. Bla\u2026<\/p><\/div><\/div><\/div><\/div><\/div> <\/div>","protected":false},"excerpt":{"rendered":"<p>Les mer om vekstfri utvikling P\u00e5 denne siden legger vi ut relevante tekster, arrangementer og innhold om vekstfri utvikling p\u00e5 norsk.<\/p>\n","protected":false},"author":3,"featured_media":0,"parent":0,"menu_order":0,"comment_status":"closed","ping_status":"closed","template":"","meta":{"_themeisle_gutenberg_block_has_review":false,"footnotes":""},"class_list":["post-403","page","type-page","status-publish","hentry"],"_links":{"self":[{"href":"https:\/\/vekstfri.no\/index.php\/wp-json\/wp\/v2\/pages\/403","targetHints":{"allow":["GET"]}}],"collection":[{"href":"https:\/\/vekstfri.no\/index.php\/wp-json\/wp\/v2\/pages"}],"about":[{"href":"https:\/\/vekstfri.no\/index.php\/wp-json\/wp\/v2\/types\/page"}],"author":[{"embeddable":true,"href":"https:\/\/vekstfri.no\/index.php\/wp-json\/wp\/v2\/users\/3"}],"replies":[{"embeddable":true,"href":"https:\/\/vekstfri.no\/index.php\/wp-json\/wp\/v2\/comments?post=403"}],"version-history":[{"count":1,"href":"https:\/\/vekstfri.no\/index.php\/wp-json\/wp\/v2\/pages\/403\/revisions"}],"predecessor-version":[{"id":404,"href":"https:\/\/vekstfri.no\/index.php\/wp-json\/wp\/v2\/pages\/403\/revisions\/404"}],"wp:attachment":[{"href":"https:\/\/vekstfri.no\/index.php\/wp-json\/wp\/v2\/media?parent=403"}],"curies":[{"name":"wp","href":"https:\/\/api.w.org\/{rel}","templated":true}]}}