{"id":342,"date":"2024-03-07T17:37:01","date_gmt":"2024-03-07T16:37:01","guid":{"rendered":"https:\/\/degrowth.no\/?page_id=342"},"modified":"2025-01-09T16:12:47","modified_gmt":"2025-01-09T15:12:47","slug":"hva-mener-vi-med-vekstfri-utvikling","status":"publish","type":"page","link":"https:\/\/vekstfri.no\/index.php\/om\/hva-mener-vi-med-vekstfri-utvikling\/","title":{"rendered":"Hva mener vi med vekstfri utvikling?"},"content":{"rendered":"\n<h4 id=\"wp-block-themeisle-blocks-advanced-heading-59135b33\" class=\"wp-block-themeisle-blocks-advanced-heading wp-block-themeisle-blocks-advanced-heading-59135b33\">Hva mener vi med vekstfri utvikling?<\/h4>\n\n\n\n<p>Vekstfri Norge samarbeider om \u00abvekstfri utvikling\u00bb. Spr\u00e5ket vi benytter er vesentlig for \u00e5 forst\u00e5 hverandre. Derfor vil vi forklare begrepet \u00abvekstfri utvikling\u00bb, og hvorfor vi mener det er egnet til \u00e5 oversette det engelske begrepet \u00abdegrowth\u00bb og det franske begrepet \u00abd\u00e9croissance\u00bb.&nbsp; Vekstfri utvikling favner i tillegg om det engelske begrepet \u00abpost growth\u00bb, som i noen tilfeller benyttes om teorier og praksiser knyttet til \u00abdegrowth\u00bb. I alle tilfeller snakker vi om vekstfri utvikling knyttet til b\u00e5de \u00f8konomi og andre samfunnsomr\u00e5der.<\/p>\n\n\n\n<p>I det engelske ordet \u00abdegrowth\u00bb kan forstavelsen \u00abde-\u00bb oversettes med \u00abav-\u00bb p\u00e5 norsk, men \u00abav-vekst\u00bb klinger d\u00e5rlig. Derfor benytter vi heller ordet \u00abvekstfri\u00bb, for \u00e5 vise til frigj\u00f8ring fra krav om \u00f8konomisk vekst. \u00abVekstfri utvikling\u00bb har en kort beskrivende form som fungerer som slagord, og kan ikke misbrukes til \u00e5 fremme en forst\u00e5else av \u00abutvikling\u00bb som bygger p\u00e5 kapitalistisk vekst-ideologi. I stedet viser det til at vi trenger gjennomgripende politiske og \u00f8konomiske endringer for alternative framtider. Adjektivet \u00abvekstfri\u00bb fungerer ogs\u00e5 godt som et tverrfaglig n\u00f8kkelord, som kan brukes til \u00e5 beskrive b\u00e5de fysiske, mentale, og sosiale m\u00e5l og prosesser.<\/p>\n\n\n\n<p>Ved norsk oversettelse er det viktig \u00e5 fange det faglige innholdet knyttet til begrepet \u00abdegrowth\u00bb. Vekstfri bevegelsen s\u00f8ker \u00e5 oppn\u00e5 b\u00e5de sosial og \u00f8kologisk rettferdighet globalt, og derfor er det n\u00f8dvendig \u00e5 organisere v\u00e5re samfunn annerledes i tid og rom. I boka \u00ab<em>The Future is Degrowth. A Guide to a World Beyond Capitalism<\/em>\u00bb skriver Matthias Schmelzer, Andrea Vetter, og Aaron Vansintjan f\u00f8lgende:<\/p>\n\n\n\n<blockquote class=\"wp-block-quote is-style-plain has-normal-font-size is-layout-flow wp-block-quote-is-layout-flow\">\n<p>(\u2026) \u00f8konomisk nedgang er ikke m\u00e5let, og \u00abdegrowth\u00bb b\u00f8r heller ikke forst\u00e5s som det motsatte av vekst. Reduksjoner i produksjon og forbruk er heller en konsekvens av det faktum, at det er umulig \u00e5 frikoble gjennomstr\u00f8mningen av materialer og utslipp fra vekst i tilstrekkelig grad (&#8230;). Slike reduksjoner er derfor simpelthen en naturlig f\u00f8lge av omstillingen mot et globalt rettferdig samfunn (Schmelzer et al., 2022, s. 198, v\u00e5r oversettelse).<\/p>\n<\/blockquote>\n\n\n\n<p class=\"has-text-align-left\">Vi vektlegger samtidig andre virkelighetsforst\u00e5elser, verdier, og kunnskaper hvor utvikling ikke blir forst\u00e5tt som et m\u00e5l i seg selv. Ideer om framgang, utvikling og vekst har preget v\u00e5re samfunn helt siden andre verdenskrig, og gjennomsyrer dominerende tanker om \u00abb\u00e6rekraftig utvikling\u00bb i det globale nord. Med begrepet \u00abvekstfri utvikling\u00bb forlater vi ogs\u00e5 ideen om utvikling som moralsk prinsipp for sosialt og \u00f8konomisk liv, for \u00e5 skape rom for fortellinger og forestillinger som kan tjene nye hensikter. Dette perspektivet underbygges dypere av Federico Demaria og Erik Gomez-Baggethun i bokkapittelet \u00abLeaving development behind: the case for degrowth\u00bb (Demaria &amp; G\u00f3mez-Baggethun, 2023).<\/p>\n\n\n\n<p><strong>Referanser<\/strong><\/p>\n\n\n\n<p>Demaria, F., &amp; G\u00f3mez-Baggethun, E. (2023). Leaving development behind: the case for degrowth. In B. Bull &amp; M. Aguilar-St\u00f8en (Eds.), <em>Handbook on International Development and the Environment<\/em>. Edward Elgar Publishing.<\/p>\n\n\n\n<p>Schmelzer, M., Vetter, A., &amp; Vansintjan, A. (2022). <em>The Future Is Degrowth. A Guide to a World beyond Capitalism<\/em>. Verso.<\/p>\n","protected":false},"excerpt":{"rendered":"<p>Vekstfri Norge samarbeider om \u00abvekstfri utvikling\u00bb. Spr\u00e5ket vi benytter er vesentlig for \u00e5 forst\u00e5 hverandre. Derfor vil vi forklare begrepet \u00abvekstfri utvikling\u00bb, og hvorfor vi mener det er egnet til \u00e5 oversette det engelske begrepet \u00abdegrowth\u00bb og det franske begrepet \u00abd\u00e9croissance\u00bb.&nbsp; Vekstfri utvikling favner i tillegg om det engelske begrepet \u00abpost growth\u00bb, som i noen [&hellip;]<\/p>\n","protected":false},"author":3,"featured_media":0,"parent":35,"menu_order":0,"comment_status":"closed","ping_status":"closed","template":"","meta":{"_themeisle_gutenberg_block_has_review":false,"footnotes":""},"class_list":["post-342","page","type-page","status-publish","hentry"],"_links":{"self":[{"href":"https:\/\/vekstfri.no\/index.php\/wp-json\/wp\/v2\/pages\/342","targetHints":{"allow":["GET"]}}],"collection":[{"href":"https:\/\/vekstfri.no\/index.php\/wp-json\/wp\/v2\/pages"}],"about":[{"href":"https:\/\/vekstfri.no\/index.php\/wp-json\/wp\/v2\/types\/page"}],"author":[{"embeddable":true,"href":"https:\/\/vekstfri.no\/index.php\/wp-json\/wp\/v2\/users\/3"}],"replies":[{"embeddable":true,"href":"https:\/\/vekstfri.no\/index.php\/wp-json\/wp\/v2\/comments?post=342"}],"version-history":[{"count":6,"href":"https:\/\/vekstfri.no\/index.php\/wp-json\/wp\/v2\/pages\/342\/revisions"}],"predecessor-version":[{"id":434,"href":"https:\/\/vekstfri.no\/index.php\/wp-json\/wp\/v2\/pages\/342\/revisions\/434"}],"up":[{"embeddable":true,"href":"https:\/\/vekstfri.no\/index.php\/wp-json\/wp\/v2\/pages\/35"}],"wp:attachment":[{"href":"https:\/\/vekstfri.no\/index.php\/wp-json\/wp\/v2\/media?parent=342"}],"curies":[{"name":"wp","href":"https:\/\/api.w.org\/{rel}","templated":true}]}}