{"id":257,"date":"2023-10-29T23:04:09","date_gmt":"2023-10-29T22:04:09","guid":{"rendered":"https:\/\/degrowth.no\/?page_id=257"},"modified":"2025-01-09T16:07:34","modified_gmt":"2025-01-09T15:07:34","slug":"kontakt-oss","status":"publish","type":"page","link":"https:\/\/vekstfri.no\/index.php\/kontakt-oss\/","title":{"rendered":"Bli med"},"content":{"rendered":"\n<h4 class=\"wp-block-heading\">\u00d8nsker du \u00e5 bli med og bidra aktivt til form\u00e5let?<\/h4>\n\n\n\n<p>Du er velkommen til \u00e5 kontakte oss via e-post adressen&nbsp;<a href=\"mailto:kontakt@vekstfri.no\">kontakt@vekstfri.no<\/a>, hvis du \u00f8nsker \u00e5 bli med i samarbeidet, eller om du har andre foresp\u00f8rsler som er relevante for&nbsp;<a href=\"https:\/\/vekstfri.no\/index.php\/om\/formal\/\">form\u00e5let<\/a>.<\/p>\n\n\n\n<p>Vi bruker en e-post liste for \u00e5 dele informasjon, avtale m\u00f8ter og samarbeide. Hvis du \u00f8nsker \u00e5 bli medlem i nettverket vil vi gjerne at du skriver noen ord om deg selv, hvorfor du er interessert, og hva du eventuelt \u00f8nsker \u00e5 bidra med. Ved registrering som medlem aksepterer du samtidig at vi kan dele ditt navn og e-post adresse med de andre personene i nettverket, for \u00e5 ivareta Datatilsynets retningslinjer om personvernhensyn.&nbsp;Medlemsregisteret er kun til internt bruk for samarbeid om form\u00e5let, og skal ikke deles utenfor nettverket.<\/p>\n\n\n\n<p><\/p>\n","protected":false},"excerpt":{"rendered":"<p>\u00d8nsker du \u00e5 bli med og bidra aktivt til form\u00e5let? Du er velkommen til \u00e5 kontakte oss via e-post adressen&nbsp;kontakt@vekstfri.no, hvis du \u00f8nsker \u00e5 bli med i samarbeidet, eller om du har andre foresp\u00f8rsler som er relevante for&nbsp;form\u00e5let. Vi bruker en e-post liste for \u00e5 dele informasjon, avtale m\u00f8ter og samarbeide. Hvis du \u00f8nsker \u00e5 [&hellip;]<\/p>\n","protected":false},"author":1,"featured_media":0,"parent":0,"menu_order":0,"comment_status":"closed","ping_status":"closed","template":"","meta":{"_themeisle_gutenberg_block_has_review":false,"footnotes":""},"class_list":["post-257","page","type-page","status-publish","hentry"],"_links":{"self":[{"href":"https:\/\/vekstfri.no\/index.php\/wp-json\/wp\/v2\/pages\/257","targetHints":{"allow":["GET"]}}],"collection":[{"href":"https:\/\/vekstfri.no\/index.php\/wp-json\/wp\/v2\/pages"}],"about":[{"href":"https:\/\/vekstfri.no\/index.php\/wp-json\/wp\/v2\/types\/page"}],"author":[{"embeddable":true,"href":"https:\/\/vekstfri.no\/index.php\/wp-json\/wp\/v2\/users\/1"}],"replies":[{"embeddable":true,"href":"https:\/\/vekstfri.no\/index.php\/wp-json\/wp\/v2\/comments?post=257"}],"version-history":[{"count":8,"href":"https:\/\/vekstfri.no\/index.php\/wp-json\/wp\/v2\/pages\/257\/revisions"}],"predecessor-version":[{"id":428,"href":"https:\/\/vekstfri.no\/index.php\/wp-json\/wp\/v2\/pages\/257\/revisions\/428"}],"wp:attachment":[{"href":"https:\/\/vekstfri.no\/index.php\/wp-json\/wp\/v2\/media?parent=257"}],"curies":[{"name":"wp","href":"https:\/\/api.w.org\/{rel}","templated":true}]}}